{"id":15406,"date":"2025-05-20T14:18:30","date_gmt":"2025-05-20T12:18:30","guid":{"rendered":"https:\/\/kisuihair.com\/?post_type=product&#038;p=15406"},"modified":"2026-03-20T10:04:31","modified_gmt":"2026-03-20T09:04:31","slug":"platinum-blonde-care-maschera-nera-anti-giallo-per-capelli-biondi","status":"publish","type":"product","link":"https:\/\/kisuihair.com\/it\/prodotto\/platinum-blonde-care-maschera-nera-anti-giallo-per-capelli-biondi\/","title":{"rendered":"<b>Platinum Blonde Care<\/b><br><span style=\"font-family: 'Red Hat Mono', monospace;\">Maschera nera anti-giallo per capelli biondi<\/span>"},"content":{"rendered":"","protected":false},"excerpt":{"rendered":"<p>Questa esclusiva maschera nera per capelli \u00e8 stata appositamente progettata per tonalit\u00e0 fredde, colorazioni platino e capelli naturalmente grigi. \u00c8 la soluzione ideale per ottenere il ricercato effetto platino freddo.<\/p>\n<p>Agendo come un efficace correttore di colore, neutralizza i riflessi gialli indesiderati nei capelli biondi aggiungendo al contempo un ulteriore tocco di luminosit\u00e0.<\/p>\n<p>Questa maschera non solo rivitalizza, ma nutre anche in profondit\u00e0, lasciando i capelli con una splendida brillantezza.<\/p>\n<p>Progettata come trattamento di colorazione semi-permanente, \u00e8 perfetta per mantenere il colore tra una visita e l\u2019altra in salone o durante le routine di colorazione a casa.<\/p>\n<p>Arricchita professionalmente con estratti di uva e a\u00e7a\u00ed ricchi di antiossidanti, insieme a proteine del grano rinforzanti, la sua formulazione include anche shiitake, ginseng, canna da zucchero, proteine del riso, ginkgo biloba e vitamina E, garantendo ai capelli la massima cura e nutrimento.<\/p>\n","protected":false},"featured_media":15835,"comment_status":"open","ping_status":"closed","template":"","meta":{"_acf_changed":false},"product_brand":[],"product_cat":[240,239,246,249],"product_tag":[],"class_list":{"0":"post-15406","1":"product","2":"type-product","3":"status-publish","4":"has-post-thumbnail","6":"product_cat-capelli-colorati","7":"product_cat-colour-refresh-mask","8":"product_cat-ki-sui","9":"product_cat-maschera","11":"first","12":"instock","13":"taxable","14":"shipping-taxable","15":"purchasable","16":"product-type-variable","17":"has-default-attributes"},"acf":[],"_links":{"self":[{"href":"https:\/\/kisuihair.com\/it\/wp-json\/wp\/v2\/product\/15406","targetHints":{"allow":["GET"]}}],"collection":[{"href":"https:\/\/kisuihair.com\/it\/wp-json\/wp\/v2\/product"}],"about":[{"href":"https:\/\/kisuihair.com\/it\/wp-json\/wp\/v2\/types\/product"}],"replies":[{"embeddable":true,"href":"https:\/\/kisuihair.com\/it\/wp-json\/wp\/v2\/comments?post=15406"}],"wp:featuredmedia":[{"embeddable":true,"href":"https:\/\/kisuihair.com\/it\/wp-json\/wp\/v2\/media\/15835"}],"wp:attachment":[{"href":"https:\/\/kisuihair.com\/it\/wp-json\/wp\/v2\/media?parent=15406"}],"wp:term":[{"taxonomy":"product_brand","embeddable":true,"href":"https:\/\/kisuihair.com\/it\/wp-json\/wp\/v2\/product_brand?post=15406"},{"taxonomy":"product_cat","embeddable":true,"href":"https:\/\/kisuihair.com\/it\/wp-json\/wp\/v2\/product_cat?post=15406"},{"taxonomy":"product_tag","embeddable":true,"href":"https:\/\/kisuihair.com\/it\/wp-json\/wp\/v2\/product_tag?post=15406"}],"curies":[{"name":"wp","href":"https:\/\/api.w.org\/{rel}","templated":true}]}}