{"id":15315,"date":"2024-05-28T10:29:35","date_gmt":"2024-05-28T08:29:35","guid":{"rendered":"https:\/\/kisuihair.com\/?post_type=product&#038;p=15315"},"modified":"2026-03-20T11:16:52","modified_gmt":"2026-03-20T10:16:52","slug":"ki-sui-robeki-sui-atelier-original-design","status":"publish","type":"product","link":"https:\/\/kisuihair.com\/it\/prodotto\/ki-sui-robeki-sui-atelier-original-design\/","title":{"rendered":"<b>Ki.Sui RobeKi.Sui\u00ae Atelier.<\/b><br><span style=\"font-family: 'Red Hat Mono', monospace;\">Original Design<\/span>"},"content":{"rendered":"","protected":false},"excerpt":{"rendered":"<p>Progettato per il vero ritmo del salone.<\/p>\n<p>Il kimono professionale Ki.Sui \u00e8 realizzato in <strong>100% poliestere<\/strong>, una scelta consapevole e necessaria negli ambienti professionali: resistente, durevole, facile da pulire e progettato per un uso quotidiano intensivo. Scegliamo materiali che <strong>prolungano la durata del prodotto<\/strong>, riducendo le sostituzioni continue e quindi il consumo inutile. Essere responsabili significa anche prendere decisioni pratiche.<\/p>\n<p>Ispirato all\u2019<strong>estetica giapponese<\/strong>, il suo design pulito e funzionale offre <strong>due opzioni di chiusura<\/strong>:<\/p>\n<ul>\n<li>una vestibilit\u00e0 pi\u00f9 ampia, in stile kimono, per una maggiore libert\u00e0 di movimento<\/li>\n<li>e un\u2019opzione pi\u00f9 aderente che si adatta al corpo e valorizza la silhouette<\/li>\n<\/ul>\n<p>Questo lo rende un <strong>capo versatile e valorizzante per tutti<\/strong>, indipendentemente dalla forma del corpo.<\/p>\n<p><strong>Gli spacchi laterali<\/strong> aggiungono fluidit\u00e0, movimento e comfort, permettendo allo stesso tempo un facile accesso alle tasche \u2014 un dettaglio essenziale per il lavoro quotidiano in salone.<\/p>\n<p>Minimale. Funzionale. Autentico.<\/p>\n","protected":false},"featured_media":15311,"comment_status":"open","ping_status":"closed","template":"","meta":{"_acf_changed":false},"product_brand":[],"product_cat":[236,246],"product_tag":[],"class_list":{"0":"post-15315","1":"product","2":"type-product","3":"status-publish","4":"has-post-thumbnail","6":"product_cat-accessori","7":"product_cat-ki-sui","9":"first","10":"instock","11":"taxable","12":"shipping-taxable","13":"purchasable","14":"product-type-simple"},"acf":[],"_links":{"self":[{"href":"https:\/\/kisuihair.com\/it\/wp-json\/wp\/v2\/product\/15315","targetHints":{"allow":["GET"]}}],"collection":[{"href":"https:\/\/kisuihair.com\/it\/wp-json\/wp\/v2\/product"}],"about":[{"href":"https:\/\/kisuihair.com\/it\/wp-json\/wp\/v2\/types\/product"}],"replies":[{"embeddable":true,"href":"https:\/\/kisuihair.com\/it\/wp-json\/wp\/v2\/comments?post=15315"}],"wp:featuredmedia":[{"embeddable":true,"href":"https:\/\/kisuihair.com\/it\/wp-json\/wp\/v2\/media\/15311"}],"wp:attachment":[{"href":"https:\/\/kisuihair.com\/it\/wp-json\/wp\/v2\/media?parent=15315"}],"wp:term":[{"taxonomy":"product_brand","embeddable":true,"href":"https:\/\/kisuihair.com\/it\/wp-json\/wp\/v2\/product_brand?post=15315"},{"taxonomy":"product_cat","embeddable":true,"href":"https:\/\/kisuihair.com\/it\/wp-json\/wp\/v2\/product_cat?post=15315"},{"taxonomy":"product_tag","embeddable":true,"href":"https:\/\/kisuihair.com\/it\/wp-json\/wp\/v2\/product_tag?post=15315"}],"curies":[{"name":"wp","href":"https:\/\/api.w.org\/{rel}","templated":true}]}}