{"id":14968,"date":"2026-03-02T09:52:55","date_gmt":"2026-03-02T08:52:55","guid":{"rendered":"https:\/\/kisuihair.com\/?post_type=product&#038;p=14968"},"modified":"2026-04-28T13:53:25","modified_gmt":"2026-04-28T11:53:25","slug":"corte-pixie-de-precision-formacion-profesional-con-laura-betato","status":"publish","type":"product","link":"https:\/\/kisuihair.com\/es\/corte-pixie-de-precision-formacion-profesional-con-laura-betato\/","title":{"rendered":"Corte pixie de precisi\u00f3n &#8211; Formaci\u00f3n profesional con Laura Betato"},"content":{"rendered":"","protected":false},"excerpt":{"rendered":"<p>En esta formaci\u00f3n no solo aprender\u00e1s a realizar un pixie.<br \/>\nAprender\u00e1s a <strong>entenderlo, construirlo y transformarlo.<\/strong><\/p>\n<p>El <strong>Corte Pixie de Precisi\u00f3n<\/strong> est\u00e1 dise\u00f1ado para que domines la estructura, el equilibrio y el control del dise\u00f1o, permiti\u00e9ndote adaptarlo con seguridad a diferentes tipos de clienta y estilos dentro de tu sal\u00f3n.<\/p>\n<p><strong>1 corte. 2 estilos. M\u00e1s posibilidades de facturaci\u00f3n.<\/strong><\/p>\n<ul>\n<li>Un acabado pulido, con mayor control de forma y definici\u00f3n.<\/li>\n<li>Un acabado texturizado, con movimiento y desestructuraci\u00f3n controlada<\/li>\n<\/ul>\n<p>&nbsp;<\/p>\n<p>Un mismo dise\u00f1o t\u00e9cnico que multiplica tus opciones creativas y comerciales.<\/p>\n<p>De la mano de Laura Betato, especialista en corte de precisi\u00f3n formada en la escuela Sassoon de Londres y con una s\u00f3lida trayectoria internacional en educaci\u00f3n profesional, adquirir\u00e1s una base estructural que podr\u00e1s aplicar a cualquier trabajo de corte en tu d\u00eda a d\u00eda.<\/p>\n<p>No es solo inspiraci\u00f3n.<br \/>\nEs m\u00e9todo, comprensi\u00f3n y seguridad t\u00e9cnica.<\/p>\n<p><em><strong>Domina el pixie desde la estructura<\/strong><\/em><\/p>\n","protected":false},"featured_media":14973,"comment_status":"open","ping_status":"closed","template":"","meta":{"_acf_changed":false},"product_brand":[],"product_cat":[279],"product_tag":[],"class_list":{"0":"post-14968","1":"product","2":"type-product","3":"status-publish","4":"has-post-thumbnail","6":"product_cat-ki-sui-academy","8":"first","9":"instock","10":"virtual","11":"taxable","12":"purchasable","13":"product-type-simple"},"acf":[],"_links":{"self":[{"href":"https:\/\/kisuihair.com\/es\/wp-json\/wp\/v2\/product\/14968","targetHints":{"allow":["GET"]}}],"collection":[{"href":"https:\/\/kisuihair.com\/es\/wp-json\/wp\/v2\/product"}],"about":[{"href":"https:\/\/kisuihair.com\/es\/wp-json\/wp\/v2\/types\/product"}],"replies":[{"embeddable":true,"href":"https:\/\/kisuihair.com\/es\/wp-json\/wp\/v2\/comments?post=14968"}],"wp:featuredmedia":[{"embeddable":true,"href":"https:\/\/kisuihair.com\/es\/wp-json\/wp\/v2\/media\/14973"}],"wp:attachment":[{"href":"https:\/\/kisuihair.com\/es\/wp-json\/wp\/v2\/media?parent=14968"}],"wp:term":[{"taxonomy":"product_brand","embeddable":true,"href":"https:\/\/kisuihair.com\/es\/wp-json\/wp\/v2\/product_brand?post=14968"},{"taxonomy":"product_cat","embeddable":true,"href":"https:\/\/kisuihair.com\/es\/wp-json\/wp\/v2\/product_cat?post=14968"},{"taxonomy":"product_tag","embeddable":true,"href":"https:\/\/kisuihair.com\/es\/wp-json\/wp\/v2\/product_tag?post=14968"}],"curies":[{"name":"wp","href":"https:\/\/api.w.org\/{rel}","templated":true}]}}